{"id":24780,"date":"2022-11-01T15:33:55","date_gmt":"2022-11-01T14:33:55","guid":{"rendered":"https:\/\/www.acherer.com\/?page_id=24780"},"modified":"2022-11-01T15:36:20","modified_gmt":"2022-11-01T14:36:20","slug":"privacy-policy","status":"publish","type":"page","link":"https:\/\/www.acherer.com\/it_it\/privacy-policy\/","title":{"rendered":"Privacy Policy"},"content":{"rendered":"\t\t<div data-elementor-type=\"wp-page\" data-elementor-id=\"24780\" class=\"elementor elementor-24780\" data-elementor-post-type=\"page\">\n\t\t\t\t\t\t<section class=\"elementor-section elementor-top-section elementor-element elementor-element-1eefecbc elementor-section-boxed elementor-section-height-default elementor-section-height-default\" data-id=\"1eefecbc\" data-element_type=\"section\">\n\t\t\t\t\t\t<div class=\"elementor-container elementor-column-gap-default\">\n\t\t\t\t\t<div class=\"elementor-column elementor-col-100 elementor-top-column elementor-element elementor-element-38459b2\" data-id=\"38459b2\" data-element_type=\"column\">\n\t\t\t<div class=\"elementor-widget-wrap elementor-element-populated\">\n\t\t\t\t\t\t<div class=\"elementor-element elementor-element-1f894ea0 elementor-widget elementor-widget-text-editor\" data-id=\"1f894ea0\" data-element_type=\"widget\" data-widget_type=\"text-editor.default\">\n\t\t\t\t<div class=\"elementor-widget-container\">\n\t\t\t<style>\/*! elementor - v3.19.0 - 07-02-2024 *\/\n.elementor-widget-text-editor.elementor-drop-cap-view-stacked .elementor-drop-cap{background-color:#69727d;color:#fff}.elementor-widget-text-editor.elementor-drop-cap-view-framed .elementor-drop-cap{color:#69727d;border:3px solid;background-color:transparent}.elementor-widget-text-editor:not(.elementor-drop-cap-view-default) .elementor-drop-cap{margin-top:8px}.elementor-widget-text-editor:not(.elementor-drop-cap-view-default) .elementor-drop-cap-letter{width:1em;height:1em}.elementor-widget-text-editor .elementor-drop-cap{float:left;text-align:center;line-height:1;font-size:50px}.elementor-widget-text-editor .elementor-drop-cap-letter{display:inline-block}<\/style>\t\t\t\t<!-- wp:paragraph -->\n<p><\/p>\n<!-- \/wp:paragraph -->\n\n<!-- wp:themeisle-blocks\/advanced-columns {\"id\":\"wp-block-themeisle-blocks-advanced-columns-d1166055\",\"columns\":0} -->\n<div id=\"wp-block-themeisle-blocks-advanced-columns-d1166055\" class=\"wp-block-themeisle-blocks-advanced-columns has-0-columns has-desktop-undefined-layout has-tablet-equal-layout has-mobile-equal-layout has-vertical-unset\"><div class=\"wp-block-themeisle-blocks-advanced-columns-overlay\"><\/div><div class=\"innerblocks-wrap\"><\/div><\/div>\n<!-- \/wp:themeisle-blocks\/advanced-columns -->\t\t\t\t\t\t<\/div>\n\t\t\t\t<\/div>\n\t\t\t\t\t<\/div>\n\t\t<\/div>\n\t\t\t\t\t<\/div>\n\t\t<\/section>\n\t\t\t\t<section class=\"elementor-section elementor-top-section elementor-element elementor-element-851f836 elementor-section-boxed elementor-section-height-default elementor-section-height-default\" data-id=\"851f836\" data-element_type=\"section\">\n\t\t\t\t\t\t<div class=\"elementor-container elementor-column-gap-default\">\n\t\t\t\t\t<div class=\"elementor-column elementor-col-100 elementor-top-column elementor-element elementor-element-06cd5dc\" data-id=\"06cd5dc\" data-element_type=\"column\">\n\t\t\t<div class=\"elementor-widget-wrap elementor-element-populated\">\n\t\t\t\t\t\t<div class=\"elementor-element elementor-element-dcb26ed elementor-widget elementor-widget-text-editor\" data-id=\"dcb26ed\" data-element_type=\"widget\" data-widget_type=\"text-editor.default\">\n\t\t\t\t<div class=\"elementor-widget-container\">\n\t\t\t\t\t\t\t<div class=\"section-header text-center\">\n<h1><span style=\"color: var(--ast-global-color-2); font-size: 4.6875rem; font-style: inherit; background-color: var(--ast-global-color-5);\">Privacy Policy<\/span><\/h1>\n<\/div>\n<div class=\"rte\">\n<div class=\"page__content content container table is-striped is-bordered \">\n<div class=\"one-whole column\">\n<h3>INFORMATIVA SUL TRATTAMENTO DI DATI PERSONALI AI SENSI DEL REGOLAMENTO (UE) 2016\/679 DEL PARLAMENTO EUROPEO E DEL CONSIGLIO DEL 27 APRILE 2016 (GDPR)<\/h3>\n<h4>Premessa<\/h4>\n<h6>La presente informativa \u00e8 resa per il sito \u201cwww.acherer.shop\u201d (<strong>Sito<\/strong>) di propriet\u00e0 di Acherer Patisserie.Blumen, con sede legale in Via Centrale, 8 \u2013 39031 Brunico (BZ), Iscritta alla Camera di Commercio di Bolzano con P. Iva n. 02499430219\u00a0 con codice fiscale CHRNRS79A05B220E\u00a0 (<strong>Titolare del Trattamento<\/strong>), in qualit\u00e0 di Titolare del Trattamento ai sensi del GDPR.<\/h6>\n<h4>Acquisti sul Sito<\/h4>\n<p>Previo Suo conferimento, i Suoi dati personali verranno trattati per permetterLe di effettuare acquisti sul Sito.<\/p>\n<h4>Registrazione<\/h4>\n<p>Le informazioni e i dati richiesti in caso di registrazione verranno utilizzati per consentirLe sia di accedere all\u2019area riservata del Sito, sia di usufruire dei servizi on line offerti dal Titolare del Trattamento agli utenti registrati.<\/p>\n<h4>Marketing<\/h4>\n<p>Previo Suo consenso, il Titolare del Trattamento potr\u00e0 trattare i dati personali da Lei conferiti al fine di inviarLe materiale pubblicitario e\/o newsletter relativi a prodotti propri o di terzi.<\/p>\n<h4>Soft spamming<\/h4>\n<p>Il Titolare del Trattamento potr\u00e0 utilizzare, a fini della vendita diretta dei prodotti offerti in vendita tramite il Sito, le coordinate di posta elettronica da Lei fornite nel contesto di un acquisto sul Sito, anche senza il Suo consenso, sempre che si tratti di un prodotto analogo a quello oggetto della precedente vendita (c.d. soft spamming). Lei potr\u00e0 comunque rifiutare questo trattamento in qualsiasi momento comunicando la Sua opposizione al Titolare del Trattamento.<\/p>\n<p class=\"page-separator\">***<\/p>\n<p>In ottemperanza al GDPR, con la presente intendiamo informarLa che il Titolare del Trattamento sottoporr\u00e0 a trattamento i dati personali che La riguardano alle seguenti condizioni.<\/p>\n<p><strong>Art. 1. Finalit\u00e0 e base giuridica del trattamento. Conferimento obbligatorio o facoltativo. Conseguenze del rifiuto al trattamento.<\/strong><\/p>\n<p>Il trattamento dei dati personali \u00e8 diretto al raggiungimento delle seguenti finalit\u00e0:<\/p>\n<p>a. per consentire l\u2019iscrizione al Sito e accedere ai servizi riservati agli utenti registrati nonch\u00e9 per permettere il rispetto degli obblighi derivanti dalla legge o dai regolamenti in vigore, in particolare, in ambito amministrativo, contabile, di pubblica sicurezza. La base giuridica del trattamento \u00e8 la necessit\u00e0 del Titolare del Trattamento di eseguire misure precontrattuali adottate su richiesta dell&#8217;interessato oppure di adempiere a un obbligo di legge;<\/p>\n<p>b. nel caso di effettuazione di un ordine di acquisto online, per consentire la conclusione del contratto di acquisto e la corretta esecuzione delle operazioni connesse al medesimo (e, qualora necessario in base alla normativa di settore, per assolvere agli obblighi fiscali). La base giuridica del trattamento \u00e8 l&#8217;obbligo del Titolare del Trattamento di eseguire il contratto con l&#8217;interessato oppure di adempiere ad obblighi di legge;<\/p>\n<p>c. limitatamente alle coordinate di posta elettronica da Lei fornite nel contesto di un acquisto tramite il Sito, per consentire l\u2019offerta diretta da parte del Titolare del Trattamento di prodotti analoghi (c.d. soft spamming), sempre che Lei non si opponga a tale trattamento nelle modalit\u00e0 previste dalla presente informativa. La base giuridica del trattamento \u00e8 il legittimo interesse del Titolare del Trattamento ad inviare questo tipo di comunicazioni. Questo legittimo interesse pu\u00f2 ritenersi equivalente all&#8217;interesse dell&#8217;interessato a ricevere comunicazioni di &#8220;soft-spam&#8221;;<\/p>\n<p>d. previo Suo consenso, per l\u2019invio di newsletter e per l\u2019effettuazione di indagini di mercato, anche dirette a valutare il grado di soddisfazione degli utenti, e l\u2019invio di materiale pubblicitario relativo a prodotti del Titolare del Trattamento e\/o di terzi, a mezzo di sistemi quali email (<strong>finalit\u00e0 di marketing<\/strong>); La base giuridica del trattamento \u00e8 il consenso dell&#8217;interessato;<\/p>\n<p>e. qualora sia operativo il servizio di chat, permettere l\u2019attivazione del servizio, attraverso il quale l&#8217;utente pu\u00f2 contattare ed essere contattato del Titolare del Trattamento, previo Suo consenso, durante la Sua navigazione sul Sito. La base giuridica \u00e8 il legittimo interesse del Titolare del Trattamento a svolgere questo tipo di attivit\u00e0. Questo legittimo interesse pu\u00f2 ritenersi equivalente all&#8217;interesse dell&#8217;interessato ad utilizzare il servizio di chat del Sito;<\/p>\n<p>f. per rispondere alle Sue richieste tramite il servizio di customer care. Il conferimento \u00e8 facoltativo, ma il Suo rifiuto comporter\u00e0 l\u2019impossibilit\u00e0 per il Titolare del Trattamento di rispondere alle Sue domande tramite questo servizio. La base giuridica del trattamento \u00e8 il legittimo interesse del Titolare del Trattamento a dare seguito alle richieste dell\u2019utente. Questo legittimo interesse \u00e8 equivalente all&#8217;interesse dell&#8217;utente a ricevere risposta alle comunicazioni inviate al Titolare del Trattamento;<\/p>\n<p>g. per rispondere per email, telefono alle Sue richieste. Il conferimento \u00e8 facoltativo, ma il Suo rifiuto comporter\u00e0 l\u2019impossibilit\u00e0 per il Titolare del Trattamento di rispondere alle Sue richieste. La base giuridica del trattamento \u00e8 il legittimo interesse del Titolare del Trattamento a rispondere alle richieste dell\u2019utente. Questo legittimo interesse \u00e8 equivalente all&#8217;interesse dell&#8217;utente a ricevere risposta alle comunicazioni inviate al Titolare del Trattamento.<\/p>\n<p>Il conferimento dei dati per le finalit\u00e0 di cui ai punti a) e b) \u00e8 meramente facoltativo. Tuttavia, poich\u00e9 tale trattamento \u00e8 necessario per effettuare un acquisto sul Sito il Suo eventuale rifiuto di conferire i dati in questione comporter\u00e0 l\u2019impossibilit\u00e0 di effettuare tale acquisto tramite il Sito.<\/p>\n<p>L\u2019assenso al trattamento dei Suoi dati per finalit\u00e0 di marketing \u00e8 meramente facoltativo. Il mancato assenso implicher\u00e0 esclusivamente le conseguenze di seguito descritte.<\/p>\n<p>Il mancato assenso al trattamento dei dati per finalit\u00e0 di marketing comporter\u00e0 l\u2019impossibilit\u00e0 per Lei di ricevere materiale pubblicitario relativo a prodotti del Titolare del Trattamento e\/o di terzi nonch\u00e9 l&#8217;impossibilit\u00e0 per il Titolare del Trattamento di svolgere indagini di mercato, anche dirette a valutare il grado di soddisfazione degli utenti, nonch\u00e9 di inviarLe newsletter.<\/p>\n<p>Fermo quanto precede, resta inteso che il Titolare del Trattamento potr\u00e0 comunque utilizzare i Suoi dati personali al solo fine di dare corretto adempimento agli obblighi previsti dalle leggi in vigore e agli obblighi derivanti dai rapporti contrattuali in essere tra Lei e il Titolare del Trattamento.<\/p>\n<p>Le ricordiamo che Lei potr\u00e0 opporsi al trattamento dei Suoi dati personali anche tramite apposito link presente in calce a qualsiasi email a contenuto promozionale inviata dal Titolare del Trattamento.<\/p>\n<h4>Dati conferiti nell\u2019ambito del servizio \u201cSpedizione\u201d<\/h4>\n<p>Sul Sito Lei avr\u00e0 la possibilit\u00e0 di regalare uno o pi\u00f9 prodotti ad una persona attraverso l\u2019inserimento dei dati personali di volta in volta richiesti. Lei \u00e8 consapevole che il Titolare del Trattamento conserver\u00e0 tali dati personali per il tempo strettamente necessario a documentare di avere dato corso alla Sua richiesta. Per usufruire di tale servizio Lei deve essere in grado di dimostrare, qualora richiesto dal Titolare del Trattamento, di potere legittimamente utilizzare i dati personali dei propri amici\/contatti.<\/p>\n<h4>Dati relativi alla carta di pagamento<\/h4>\n<p>Per effettuare un pagamento tramite una delle carte di pagamento offerte sul Sito, l\u2019utente dovr\u00e0 inserire i dati riservati della carta di pagamento direttamente su una pagina che comunicher\u00e0 attraverso protocollo di crittazione sicuro con il fornitore del servizio di pagamento (che agir\u00e0 in qualit\u00e0 di autonomo titolare del trattamento), senza transitare dal server del Titolare del Trattamento che, quindi, non tratter\u00e0 in alcun modo tali dati. I dati verranno acquisiti in formato criptato.<\/p>\n<p>Con riferimento ai dati della carta di pagamento, si precisa che il trattamento dei Suoi dati personali \u00e8 necessario per consentire la conclusione del contratto di acquisto online con il Titolare del Trattamento. Il mancato conferimento di questi dati, pertanto, non Le consentir\u00e0 di completare il processo di acquisto online.<\/p>\n<h4>\u00a0<\/h4>\n<h4>Bonifico bancario<\/h4>\n<p>Qualora Lei scelga come strumento di pagamento il bonifico bancario, in presenza di qualsiasi ipotesi di rimborso, il Titolar del Trattamento Le chieder\u00e0 le coordinate bancarie utili per poter predisporre il pagamento.<\/p>\n<h4>Dati particolari o giudiziari<\/h4>\n<p>Il Titolare del Trattamento non tratta dati particolari o giudiziari.<\/p>\n<p><strong>Art. 2. Modalit\u00e0 del trattamento<\/strong><\/p>\n<p>Il trattamento dei Suoi dati personali sar\u00e0 principalmente effettuato con l\u2019ausilio di mezzi elettronici o comunque automatizzati, secondo le modalit\u00e0 e con gli strumenti idonei a garantirne la sicurezza e la riservatezza in conformit\u00e0 al GDPR.<\/p>\n<p>Le informazioni acquisite e le modalit\u00e0 del trattamento saranno pertinenti e non eccedenti rispetto alla tipologia dei servizi resi. I dati saranno altres\u00ec gestiti e protetti in ambienti il cui accesso \u00e8 sotto costante controllo.<\/p>\n<p><strong>Art. 3. Comunicazione e diffusione dei dati<\/strong><\/p>\n<p>I Suoi dati potranno essere comunicati:<\/p>\n<ul>\n<li>a tutti quei soggetti (ivi incluse le Pubbliche Autorit\u00e0) che hanno accesso ai dati personali in forza di provvedimenti normativi o amministrativi<\/li>\n<li>alle societ\u00e0 o soggetti terzi incaricati dei servizi di stampa, imbustamento, spedizione e\/o consegna e\/o ritiro dei prodotti acquistati tramite il Sito<\/li>\n<li>a uffici postali, corrieri, fornitori (es. vendita in drop shipping) o spedizionieri incaricati della consegna dei prodotti acquistati tramite il Sito<\/li>\n<li>agli istituti bancari ed alle societ\u00e0 che gestiscono i circuiti nazionali o internazionali di pagamento tramite i quali vengono effettuati i pagamenti on line dei prodotti acquistati tramite il Sito<\/li>\n<li>a societ\u00e0, consulenti o professionisti eventualmente incaricati dell\u2019installazione, della manutenzione, dell\u2019aggiornamento e, in generale, della gestione degli hardware e software del Titolare del Trattamento o di cui quest&#8217;ultimo si serve per l\u2019erogazione dei propri servizi<\/li>\n<li>a societ\u00e0 esterne incaricate dell\u2019invio di comunicazioni pubblicitarie per conto del Titolare del Trattamento<\/li>\n<li>ai dipendenti e\/o collaboratori del Titolare del Trattamento<\/li>\n<li>alla societ\u00e0 incaricata della effettuazione dell\u2019attivit\u00e0 di customer care<\/li>\n<li>ai soggetti che gestiscono le transazioni di pagamento online<\/li>\n<li>a tutte quei soggetti pubblici e\/o privati, persone fisiche e\/o giuridiche (studi di consulenza legale, amministrativa e fiscale, Uffici Giudiziari, Camere di Commercio, Camere ed Uffici del Lavoro, ecc.), qualora la comunicazione risulti necessaria o funzionale al corretto adempimento degli obblighi derivanti dalla legge.<\/li>\n<\/ul>\n<p>I dati che la riguardano non saranno diffusi, se non in forma anonima ed aggregata, per finalit\u00e0 statistiche o di ricerca.<\/p>\n<p><strong>Art. 4. Titolare del Trattamento<\/strong><\/p>\n<p>Il Titolare del Trattamento dei dati personali pu\u00f2 essere contatto ai seguenti recapiti:<\/p>\n<p>Acherer Patisserie.Blumen, Via Centrale, 8 \u2013 39031 Brunico (BZ)<br \/>Telefono:\u00a0+39 0474 41 00 30<br \/>Email: info@acherer.com<br \/>Attraverso il modulo di contatto presente sul Sito.<\/p>\n<p><strong>Art. 5. Conservazione dei dati personali<\/strong><\/p>\n<p>I dati personali saranno conservati e trattati per finalit\u00e0 di marketing per un periodo pari a 24 mesi. Al termine di tale periodo il Titolare del Trattamento potr\u00e0 chiedere all&#8217;utente di rinnovare il consenso al trattamento dei suoi dati per tali finalit\u00e0 o rendere gli stessi in forma anonima e conservarli solamente per fini statistici o storici.<\/p>\n<p>Per tutte le restanti finalit\u00e0 previste dalla informativa privacy, i dati personali saranno conservati per il solo tempo necessario a garantire la corretta prestazione dei servizi offerti.<\/p>\n<p>Nel caso di chiusura dell&#8217;account del Sito su iniziativa dell&#8217;utente, i dati in esso riportati saranno conservati per finalit\u00e0 amministrative per un periodo non superiore 90 giorni, fatti salvi eventuali specifici obblighi di legge sulla conservazione di documentazione contabile o per finalit\u00e0 di pubblica sicurezza.<\/p>\n<p><strong>Art. 6. Diritti dell&#8217;interessato<\/strong><\/p>\n<p>Ai sensi dell\u2019art. 13 del Regolamento Privacy, il Titolare del Trattamento La informa che Lei ha diritto di:<\/p>\n<ul>\n<li>chiedere al Titolare del Trattamento l\u2019accesso ai dati personali e la rettifica o la cancellazione degli stessi o la limitazione del trattamento che La riguardano o di opporsi al loro trattamento, oltre al diritto alla portabilit\u00e0 dei dati<\/li>\n<li>revocare il consenso in qualsiasi momento senza pregiudicare la liceit\u00e0 del trattamento basata sul consenso prestato prima della revoca<\/li>\n<li>proporre reclamo a un\u2019autorit\u00e0 di controllo (es.: il Garante per la protezione dei dati personali).<\/li>\n<\/ul>\n<p>I diritti di cui sopra potranno essere esercitati con richiesta rivolta senza formalit\u00e0 al Titolare del Trattamento ai contatti sopra indicati.<\/p>\n<p><strong>Art. 7. Modifiche<\/strong><\/p>\n<p>Il Titolare del Trattamento si riserva il diritto di apportare modifiche alla presente informativa in qualsiasi momento, dandone idonea pubblicit\u00e0 agli utenti del Sito e garantendo in ogni caso una adeguata ed analoga protezione dei dati personali. Al fine di visionare eventuali modifiche, Lei \u00e8 invitato a consultare con regolarit\u00e0 la presente informativa.<\/p>\n<\/div>\n<\/div>\n<\/div>\t\t\t\t\t\t<\/div>\n\t\t\t\t<\/div>\n\t\t\t\t\t<\/div>\n\t\t<\/div>\n\t\t\t\t\t<\/div>\n\t\t<\/section>\n\t\t\t\t<\/div>\n\t\t","protected":false},"excerpt":{"rendered":"<p>Privacy Policy INFORMATIVA SUL TRATTAMENTO DI DATI PERSONALI AI SENSI DEL REGOLAMENTO (UE) 2016\/679 DEL PARLAMENTO EUROPEO E DEL CONSIGLIO DEL 27 APRILE 2016 (GDPR) Premessa La presente informativa \u00e8 resa per il sito \u201cwww.acherer.shop\u201d (Sito) di propriet\u00e0 di Acherer Patisserie.Blumen, con sede legale in Via Centrale, 8 \u2013 39031 Brunico (BZ), Iscritta alla Camera &hellip;<\/p>\n<p class=\"read-more\"> <a class=\"\" href=\"https:\/\/www.acherer.com\/it_it\/privacy-policy\/\"> <span class=\"screen-reader-text\">Privacy Policy<\/span> Leggi altro &raquo;<\/a><\/p>\n","protected":false},"author":1,"featured_media":0,"parent":0,"menu_order":0,"comment_status":"closed","ping_status":"closed","template":"","meta":{"site-sidebar-layout":"default","site-content-layout":"default","ast-global-header-display":"","ast-main-header-display":"","ast-hfb-above-header-display":"","ast-hfb-below-header-display":"","ast-hfb-mobile-header-display":"","site-post-title":"","ast-breadcrumbs-content":"","ast-featured-img":"","footer-sml-layout":"","theme-transparent-header-meta":"","adv-header-id-meta":"","stick-header-meta":"","header-above-stick-meta":"","header-main-stick-meta":"","header-below-stick-meta":"","_themeisle_gutenberg_block_has_review":false,"footnotes":""},"class_list":["post-24780","page","type-page","status-publish","hentry"],"_links":{"self":[{"href":"https:\/\/www.acherer.com\/it_it\/wp-json\/wp\/v2\/pages\/24780","targetHints":{"allow":["GET"]}}],"collection":[{"href":"https:\/\/www.acherer.com\/it_it\/wp-json\/wp\/v2\/pages"}],"about":[{"href":"https:\/\/www.acherer.com\/it_it\/wp-json\/wp\/v2\/types\/page"}],"author":[{"embeddable":true,"href":"https:\/\/www.acherer.com\/it_it\/wp-json\/wp\/v2\/users\/1"}],"replies":[{"embeddable":true,"href":"https:\/\/www.acherer.com\/it_it\/wp-json\/wp\/v2\/comments?post=24780"}],"version-history":[{"count":7,"href":"https:\/\/www.acherer.com\/it_it\/wp-json\/wp\/v2\/pages\/24780\/revisions"}],"predecessor-version":[{"id":24787,"href":"https:\/\/www.acherer.com\/it_it\/wp-json\/wp\/v2\/pages\/24780\/revisions\/24787"}],"wp:attachment":[{"href":"https:\/\/www.acherer.com\/it_it\/wp-json\/wp\/v2\/media?parent=24780"}],"curies":[{"name":"wp","href":"https:\/\/api.w.org\/{rel}","templated":true}]}}